{"id":81,"date":"2022-03-14T19:27:43","date_gmt":"2022-03-14T19:27:43","guid":{"rendered":"http:\/\/mecab.ca\/?post_type=product&#038;p=81"},"modified":"2025-05-30T15:20:28","modified_gmt":"2025-05-30T19:20:28","slug":"ciseau-pour-droitier-a-lame-amincissante-5-75-pouce","status":"publish","type":"product","link":"https:\/\/mecab.ca\/index.php\/produit\/ciseau-pour-droitier-a-lame-amincissante-5-75-pouce\/","title":{"rendered":"Ciseau pour droitier \u00e0 lame amincissante 5.75 pouce D.H.A.-3102"},"content":{"rendered":"<p>Ciseau comprenant trois type ergonomies \u00e0 lame amincissante de 40 dents, d&rsquo;une longueur de 5.75 pouce. Con\u00e7u dans un alliage en acier inoxydable japonais et carbone. Qui leur permet d&rsquo;avoir une duret\u00e9 incroyable. Ce type de ciseau amincissant permet de couper dans tous type de cheveux puisqu&rsquo;il ne comprends aucun micro \u00a0\u00bbdentellage\u00a0\u00bb<\/p>\n","protected":false},"excerpt":{"rendered":"<p>Ciseau comprenant trois type ergonomies \u00e0 lame amincissante de 40 dents, d&rsquo;une longueur de 5.75 pouce. Con\u00e7u dans un alliage en acier inoxydable japonais et carbone. Qui leur permet d&rsquo;avoir une duret\u00e9 incroyable. Ce type de ciseau amincissant permet de couper dans tous type de cheveux puisqu&rsquo;il ne comprends aucun micro \u00a0\u00bbdentellage\u00a0\u00bb<\/p>\n","protected":false},"featured_media":102,"comment_status":"open","ping_status":"closed","template":"","meta":{"_et_pb_use_builder":"on","_et_pb_old_content":"Ciseau comprenant trois type ergonomies \u00e0 lame amincissante de 40 dents, d'une longueur de 5.75 pouce. Con\u00e7u dans un alliage en acier inoxydable japonais et carbone. Qui leur permet d'avoir une duret\u00e9 incroyable. Ce type de ciseau amincissant permet de couper dans tous type de cheveux puisqu'il ne comprends aucun micro ''dentellage''","_et_gb_content_width":""},"product_brand":[],"product_cat":[23],"product_tag":[],"class_list":{"0":"post-81","1":"product","2":"type-product","3":"status-publish","4":"has-post-thumbnail","6":"product_cat-serie-performance-droitier","8":"first","9":"instock","10":"taxable","11":"shipping-taxable","12":"purchasable","13":"product-type-simple"},"jetpack_sharing_enabled":true,"_links":{"self":[{"href":"https:\/\/mecab.ca\/index.php\/wp-json\/wp\/v2\/product\/81","targetHints":{"allow":["GET"]}}],"collection":[{"href":"https:\/\/mecab.ca\/index.php\/wp-json\/wp\/v2\/product"}],"about":[{"href":"https:\/\/mecab.ca\/index.php\/wp-json\/wp\/v2\/types\/product"}],"replies":[{"embeddable":true,"href":"https:\/\/mecab.ca\/index.php\/wp-json\/wp\/v2\/comments?post=81"}],"wp:featuredmedia":[{"embeddable":true,"href":"https:\/\/mecab.ca\/index.php\/wp-json\/wp\/v2\/media\/102"}],"wp:attachment":[{"href":"https:\/\/mecab.ca\/index.php\/wp-json\/wp\/v2\/media?parent=81"}],"wp:term":[{"taxonomy":"product_brand","embeddable":true,"href":"https:\/\/mecab.ca\/index.php\/wp-json\/wp\/v2\/product_brand?post=81"},{"taxonomy":"product_cat","embeddable":true,"href":"https:\/\/mecab.ca\/index.php\/wp-json\/wp\/v2\/product_cat?post=81"},{"taxonomy":"product_tag","embeddable":true,"href":"https:\/\/mecab.ca\/index.php\/wp-json\/wp\/v2\/product_tag?post=81"}],"curies":[{"name":"wp","href":"https:\/\/api.w.org\/{rel}","templated":true}]}}