{"id":78,"date":"2022-03-14T19:17:08","date_gmt":"2022-03-14T19:17:08","guid":{"rendered":"http:\/\/mecab.ca\/?post_type=product&#038;p=78"},"modified":"2025-05-30T15:21:18","modified_gmt":"2025-05-30T19:21:18","slug":"ciseau-pour-droitier-a-lame-droite-5-75-d-h-3002","status":"publish","type":"product","link":"https:\/\/mecab.ca\/index.php\/produit\/ciseau-pour-droitier-a-lame-droite-5-75-d-h-3002\/","title":{"rendered":"Ciseau pour droitier \u00e0 lame droite 5.75 D.H.-3002"},"content":{"rendered":"<p>Ciseau comprenant trois type ergonomies \u00e0 lame droite d&rsquo;une longueur de 5.75 pouce. Con\u00e7u dans un alliage en acier inoxydable japonais et carbone. Qui leur permet d&rsquo;avoir une duret\u00e9 incroyable.<\/p>\n","protected":false},"excerpt":{"rendered":"<p>Ciseau comprenant trois type ergonomies \u00e0 lame droite d&rsquo;une longueur de 5.75 pouce. Con\u00e7u dans un alliage en acier inoxydable japonais et carbone. Qui leur permet d&rsquo;avoir une duret\u00e9 incroyable.<\/p>\n","protected":false},"featured_media":89,"comment_status":"open","ping_status":"closed","template":"","meta":{"_et_pb_use_builder":"","_et_pb_old_content":"","_et_gb_content_width":""},"product_brand":[],"product_cat":[23],"product_tag":[],"class_list":{"0":"post-78","1":"product","2":"type-product","3":"status-publish","4":"has-post-thumbnail","6":"product_cat-serie-performance-droitier","8":"first","9":"instock","10":"taxable","11":"shipping-taxable","12":"purchasable","13":"product-type-simple"},"jetpack_sharing_enabled":true,"_links":{"self":[{"href":"https:\/\/mecab.ca\/index.php\/wp-json\/wp\/v2\/product\/78","targetHints":{"allow":["GET"]}}],"collection":[{"href":"https:\/\/mecab.ca\/index.php\/wp-json\/wp\/v2\/product"}],"about":[{"href":"https:\/\/mecab.ca\/index.php\/wp-json\/wp\/v2\/types\/product"}],"replies":[{"embeddable":true,"href":"https:\/\/mecab.ca\/index.php\/wp-json\/wp\/v2\/comments?post=78"}],"wp:featuredmedia":[{"embeddable":true,"href":"https:\/\/mecab.ca\/index.php\/wp-json\/wp\/v2\/media\/89"}],"wp:attachment":[{"href":"https:\/\/mecab.ca\/index.php\/wp-json\/wp\/v2\/media?parent=78"}],"wp:term":[{"taxonomy":"product_brand","embeddable":true,"href":"https:\/\/mecab.ca\/index.php\/wp-json\/wp\/v2\/product_brand?post=78"},{"taxonomy":"product_cat","embeddable":true,"href":"https:\/\/mecab.ca\/index.php\/wp-json\/wp\/v2\/product_cat?post=78"},{"taxonomy":"product_tag","embeddable":true,"href":"https:\/\/mecab.ca\/index.php\/wp-json\/wp\/v2\/product_tag?post=78"}],"curies":[{"name":"wp","href":"https:\/\/api.w.org\/{rel}","templated":true}]}}